{"id":526,"date":"2024-05-15T16:54:09","date_gmt":"2024-05-15T14:54:09","guid":{"rendered":"https:\/\/nevagamepress.com\/?post_type=product&#038;p=526"},"modified":"2026-04-09T12:33:15","modified_gmt":"2026-04-09T10:33:15","slug":"mar-de-acero-viajes-columbus","status":"publish","type":"product","link":"https:\/\/nevagamepress.com\/es\/product\/sea-steel-columbus-voyages\/","title":{"rendered":"Mar y Acero: Los viajes de Col\u00f3n"},"content":{"rendered":"<figure class=\"wp-block-image size-large is-resized\"><a href=\"https:\/\/nevagamepress.com\/wp-content\/uploads\/2024\/05\/Sea-and-Steel-Columbus-Voyages.jpg\"><img fetchpriority=\"high\" decoding=\"async\" data-attachment-id=\"5419\" data-permalink=\"https:\/\/nevagamepress.com\/es\/?attachment_id=5419\" data-orig-file=\"https:\/\/nevagamepress.com\/wp-content\/uploads\/2024\/05\/Sea-and-Steel-Columbus-Voyages.jpg\" data-orig-size=\"2032,1524\" data-comments-opened=\"1\" data-image-meta=\"{&quot;aperture&quot;:&quot;0&quot;,&quot;credit&quot;:&quot;&quot;,&quot;camera&quot;:&quot;&quot;,&quot;caption&quot;:&quot;&quot;,&quot;created_timestamp&quot;:&quot;0&quot;,&quot;copyright&quot;:&quot;&quot;,&quot;focal_length&quot;:&quot;0&quot;,&quot;iso&quot;:&quot;0&quot;,&quot;shutter_speed&quot;:&quot;0&quot;,&quot;title&quot;:&quot;&quot;,&quot;orientation&quot;:&quot;0&quot;}\" data-image-title=\"Sea and Steel Columbus Voyages\" data-image-description=\"\" data-image-caption=\"\" data-large-file=\"https:\/\/nevagamepress.com\/wp-content\/uploads\/2024\/05\/Sea-and-Steel-Columbus-Voyages.jpg\" class=\"alignnone  wp-image-5419\" src=\"https:\/\/nevagamepress.com\/wp-content\/uploads\/2024\/05\/Sea-and-Steel-Columbus-Voyages.jpg\" alt=\"\" width=\"900\" height=\"675\" \/><\/a><\/figure>\r\n\r\n\r\n\r\n<p class=\"wp-block-paragraph\"><em>Neva: FRONTLINE | Dificultad: PRINCIPIANTE | Solitario: ALTO | Escala: ESTRATEGICA | Edad: MODERNA\u00a0\u00a0<br \/><\/em><em>Jugadores: 1 | Duraci\u00f3n: 60-90<\/em>'\u00a0<em>| Edad:14+<br \/><br \/>Dise\u00f1ador:\u00a0<a href=\"https:\/\/nevagamepress.com\/es\/etiqueta-product\/antonio-vaquera\/\">ANTONIO VAQUERA<\/a><br \/><br \/><\/em><strong>CONTEXTO HIST\u00d3RICO<br \/><\/strong>A finales del siglo XV, las potencias europeas, en particular Espa\u00f1a y Portugal, se vieron impulsadas por el deseo de encontrar nuevas rutas comerciales hacia Asia. La tradicional \"Ruta de la Seda\" por tierra resultaba cada vez m\u00e1s dif\u00edcil y cara debido al auge del Imperio Otomano. Esto impuls\u00f3 la b\u00fasqueda de una ruta mar\u00edtima hacia el oeste, hacia los lucrativos mercados de las \"Indias Orientales\" (Asia), ricas en especias, oro y otras mercanc\u00edas valiosas.<\/p>\r\n<p>Crist\u00f3bal Col\u00f3n cre\u00eda que pod\u00eda llegar a Asia navegando hacia el oeste a trav\u00e9s del oc\u00e9ano Atl\u00e1ntico, un concepto considerado improbable por muchos en aquella \u00e9poca que subestimaban la circunferencia de la Tierra. Tras a\u00f1os de b\u00fasqueda de patrocinio, consigui\u00f3 por fin el apoyo de los monarcas espa\u00f1oles, los reyes Fernando II e Isabel I. Acababan de concluir la Reconquista, expulsando a los reyes de Espa\u00f1a. Acababan de completar la Reconquista, expulsando a los moros de Espa\u00f1a, y estaban ansiosos por expandir su influencia, riqueza y difundir el catolicismo.<\/p>\r\n<p>Col\u00f3n zarp\u00f3 el 3 de agosto de 1492 con tres naves: la Ni\u00f1a, la Pinta y la Santa Mar\u00eda. Tras un largo y dif\u00edcil viaje, avist\u00f3 tierra el 12 de octubre de 1492. En lugar de llegar a Asia, Col\u00f3n hab\u00eda tropezado con islas del Caribe, concretamente una isla de las Bahamas (a la que llam\u00f3 San Salvador, aunque los ind\u00edgenas la llamaban Guanahani).<\/p>\r\n<p>Su llegada marc\u00f3 el inicio de un profundo encuentro entre el Viejo y el Nuevo Mundo. Col\u00f3n cre\u00eda haber llegado a las Indias, de ah\u00ed que llamara \"indios\" a los ind\u00edgenas. Se encontr\u00f3 con varios grupos nativos, entre ellos los pueblos lucayos, ta\u00ednos y arawak.\u00a0<\/p>\r\n<p>Este viaje inicial, y los siguientes, marcaron el comienzo de la Era de las Exploraciones, que condujo a siglos de colonizaci\u00f3n europea, la trata transatl\u00e1ntica de esclavos y el \"Intercambio Colombino\", una transferencia masiva de plantas, animales, cultura, tecnolog\u00eda y, por desgracia, enfermedades entre Am\u00e9rica, Europa y \u00c1frica, con consecuencias devastadoras para las poblaciones ind\u00edgenas del Caribe.<\/p>\r\n<p><strong>DIN\u00c1MICAS DEL JUEGO<br \/><\/strong>El juego es una experiencia estrat\u00e9gica para uno o dos jugadores que te sumerge en los encuentros hist\u00f3ricos entre los conquistadores espa\u00f1oles y los pueblos nativos del Caribe durante los cuatro viajes de Crist\u00f3bal Col\u00f3n. Abarca el periodo comprendido entre 1492 y 1505, cuando la Corona espa\u00f1ola financi\u00f3 estos viajes, que condujeron a la conquista de las principales islas caribe\u00f1as habitadas por los pueblos ta\u00edno y caribe. Los jugadores pueden elegir entre liderar el ambicioso bando espa\u00f1ol para conquistar las paradis\u00edacas islas caribe\u00f1as, o liderar las fuerzas ind\u00edgenas ta\u00ednas y caribes (que no siempre cooperan) para eliminar la nueva amenaza del otro lado del mar, al tiempo que gestionan los conflictos internos entre sus fuerzas.<\/p>\r\n<p><strong>Objetivo y c\u00f3mo ganar:<br \/><\/strong>En el juego, s\u00f3lo hay un contador de Puntos de Victoria (PV). El Bando Espa\u00f1ol avanza en el contador de PV cuando gana Puntos de Victoria. Por el contrario, el Bando Ind\u00edgena intenta reducir esa puntuaci\u00f3n, haciendo retroceder el contador cada vez que gana PV.<\/p>\r\n<p>Espec\u00edficamente, al conquistar una nueva zona:<br \/>-El Bando Espa\u00f1ol a\u00f1ade 1 PV o 2 PV si gana el control de un \u00e1rea.<br \/>-El Bando Ind\u00edgena resta 1 PV o 2 PV del contador de PV espa\u00f1ol cada vez que obtiene el control de un \u00e1rea.<\/p>\r\n<p>Victoria autom\u00e1tica: Una partida termina autom\u00e1ticamente si la \u00faltima unidad de un bando es eliminada del mapa, otorgando la victoria al bando contrario. Para el bando espa\u00f1ol, una Ciudadela en el mapa cuenta como una unidad para este prop\u00f3sito.<br \/><br \/>Al final de la partida (turno de juego 6), tendr\u00e1s que comprobar varias condiciones relacionadas con los l\u00edderes, las ciudadelas y el apoyo real para determinar las modificaciones de tus Puntos de Victoria finales.<br \/><br \/>Victoria Espa\u00f1ola: El bando espa\u00f1ol gana si su puntuaci\u00f3n de PV es igual o superior a 15 PV.<br \/>Victoria Ind\u00edgena: El bando ind\u00edgena gana si la puntuaci\u00f3n de PV es inferior a 15 PV.<br \/><br \/><strong>Secuencia de juego:<br \/><\/strong><\/p>\r\n<div class=\"paragraph normal ng-star-inserted\" data-start-index=\"47\"><strong><span class=\"bold ng-star-inserted\" data-start-index=\"47\">Turno de juego 1 (\"1492\"):<\/span> <\/strong><span class=\"ng-star-inserted\" data-start-index=\"69\">Se revela una Carta de Destino, que determina el desembarco inicial de Col\u00f3n y el despliegue de unidades espa\u00f1olas, seguido de un combate inmediato y una b\u00fasqueda de oro. El turno concluye, pasando al Turno 2.<\/span><\/div>\r\n<div data-start-index=\"254\">\u00a0<\/div>\r\n<div class=\"paragraph normal ng-star-inserted\" data-start-index=\"254\"><strong><span class=\"bold ng-star-inserted\" data-start-index=\"254\">Turnos 2-6:<\/span><\/strong> <span class=\"ng-star-inserted\" data-start-index=\"270\">Cada turno sigue cinco fases principales:<\/span><\/div>\r\n<div class=\"bullet normal ng-star-inserted\">1. <span class=\"bold ng-star-inserted\" data-start-index=\"305\">Destino:<\/span><span class=\"ng-star-inserted\" data-start-index=\"313\"> Revela el evento especial del turno, establece el n\u00famero de acciones (impulsos) y otras condiciones del turno.<\/span><\/div>\r\n<div class=\"bullet normal ng-star-inserted\">2. <span class=\"bold ng-star-inserted\" data-start-index=\"418\">Evento:<\/span><span class=\"ng-star-inserted\" data-start-index=\"424\"> Ambos jugadores eligen y revelan en secreto sus Cartas de Evento, resolviendo sus efectos y desplegando refuerzos inmediatos.<\/span><\/div>\r\n<div class=\"bullet normal ng-star-inserted\">3. <span class=\"bold ng-star-inserted\" data-start-index=\"541\">Refuerzos y Reemplazos:<\/span><span class=\"ng-star-inserted\" data-start-index=\"571\"> Nuevas unidades llegan o las existentes son fortalecidas, bas\u00e1ndose en las Cartas de Evento jugadas.<\/span><\/div>\r\n<div class=\"bullet normal ng-star-inserted\">4. <span class=\"bold ng-star-inserted\" data-start-index=\"656\">Impulsos:<\/span><span class=\"ng-star-inserted\" data-start-index=\"665\"> Los jugadores se turnan para realizar una acci\u00f3n por impulso (por ejemplo, movimiento, combate, activaci\u00f3n de zona, construcci\u00f3n, incursi\u00f3n, b\u00fasqueda de oro), con la Facci\u00f3n Ind\u00edgena actuando siempre primero.<\/span><\/div>\r\n<div class=\"bullet normal ng-star-inserted\">5. <span class=\"bold ng-star-inserted\" data-start-index=\"837\">Final:<\/span><span class=\"ng-star-inserted\" data-start-index=\"843\"> Se realizan comprobaciones para la victoria autom\u00e1tica (si una facci\u00f3n se queda sin unidades) o, al final del Turno 6, para la condici\u00f3n final de los Puntos de Victoria.<\/span><\/div>\r\n<p><strong>Decisiones clave\/desaf\u00edos:<br \/><\/strong>El dise\u00f1ador pretend\u00eda crear un dise\u00f1o \"sencillo, pero no simplista\", con una mec\u00e1nica \u00e1gil y una secuencia de turnos simple. Esta elecci\u00f3n de dise\u00f1o lo hace adecuado para introducir a los nuevos jugadores en los wargames, sin dejar de ofrecer \"opciones estrat\u00e9gicas variables\" y dilemas de decisi\u00f3n \"angustiosos\" que disfrutar\u00e1n los wargamers experimentados. El juego est\u00e1 pensado para partidas r\u00e1pidas, de entre 60 y 90 minutos.<br \/><br \/>El Movimiento Extendido es una mec\u00e1nica muy importante. Permite a las unidades activar un \u00e1rea y moverse, y si llegan a un \u00e1rea sin unidades enemigas, esa nueva \u00e1rea puede activarse de nuevo para otro movimiento, creando potencialmente una \"cadena\" de activaciones. De hecho, esto permite una r\u00e1pida expansi\u00f3n y movimiento por el mapa. Dominar esta mec\u00e1nica es crucial tanto para el bando espa\u00f1ol como para el ind\u00edgena, ya que el juego hace hincapi\u00e9 en maximizar los efectos de las decisiones.<br \/><br \/>A pesar de su ritmo trepidante, este juego ofrece partidas intensas en las que te muerdes las u\u00f1as. Tendr\u00e1s que seguir empujando sin descanso tomando buenas decisiones estrat\u00e9gicas, incluso cuando las cosas parezcan sombr\u00edas, ya que las tornas pueden cambiar en un instante, conduciendo a una dram\u00e1tica victoria. Muchas partidas se deciden en los \u00faltimos instantes, una tensi\u00f3n de la que los jugadores siempre hablan maravillas.<br \/><strong><br \/>\u00bfQU\u00c9 HAY EN LA CAJA?<br \/><\/strong>1 Mapa montado<br \/>180 Marcadores<br \/>52 Cartas<br \/>6 Dados de 6 caras<br \/>3 Hojas de ayuda<br \/>6 Bolsas de tela<br \/>1 Reglamento<strong><br \/><br \/><a href=\"https:\/\/nevagamepress.com\/es\/etiqueta\/mar-de-acero-viajes-columbus\/\">RECURSOS Y DESCARGAS<\/a><\/strong><\/p>","protected":false},"excerpt":{"rendered":"<p>Experimente los retos y encuentros de los viajes de Col\u00f3n por el Caribe.<\/p>\n<p><em>IVA incluido (si procede). Los gastos de env\u00edo se calcular\u00e1n y mostrar\u00e1n en el momento de pagar.<\/em><\/p>","protected":false},"featured_media":5820,"comment_status":"open","ping_status":"closed","template":"","meta":{"_crdt_document":""},"product_brand":[],"product_cat":[771613431,771613528,771613554],"product_tag":[771613394,771613395,771613422,771613412,771613404,771613413,771613405],"class_list":{"0":"post-526","1":"product","2":"type-product","3":"status-publish","4":"has-post-thumbnail","6":"product_cat-frontline","7":"product_cat-in-stock","8":"product_cat-wargames","9":"product_tag-1-2-players","10":"product_tag-60-90-minutes","11":"product_tag-antonio-vaquera","12":"product_tag-beginner","13":"product_tag-modern","14":"product_tag-solitaire-high","15":"product_tag-strategic","16":"product_shipping_class-frontline","17":"entry","19":"first","20":"instock","21":"sale","22":"featured","23":"taxable","24":"shipping-taxable","25":"purchasable","26":"product-type-variable","27":"has-default-attributes"},"supplier_id":null,"supplier_sku":"","barcode":null,"atum_controlled":true,"out_stock_date":null,"out_stock_threshold":null,"inheritable":true,"inbound_stock":0,"stock_on_hold":0,"sold_today":0,"sales_last_days":0,"reserved_stock":0,"customer_returns":0,"warehouse_damage":0,"lost_in_post":0,"other_logs":0,"out_stock_days":0,"lost_sales":0,"has_location":false,"update_date":"2026-04-11T00:05:11","atum_locations":[],"atum_stock_status":"instock","restock_status":false,"low_stock_amount":"","sales_update_date":"2026-04-11T00:05:11","calc_backorders":null,"mi_inventories":[],"multi_inventory":"no","inventory_sorting_mode":"global","inventory_iteration":"global","expirable_inventories":"global","price_per_inventory":"global","show_write_off_inventories":"global","selectable_inventories":"global","selectable_inventories_mode":"global","aioseo_notices":[],"jetpack_sharing_enabled":true,"_links":{"self":[{"href":"https:\/\/nevagamepress.com\/es\/wp-json\/wp\/v2\/product\/526","targetHints":{"allow":["GET"]}}],"collection":[{"href":"https:\/\/nevagamepress.com\/es\/wp-json\/wp\/v2\/product"}],"about":[{"href":"https:\/\/nevagamepress.com\/es\/wp-json\/wp\/v2\/types\/product"}],"replies":[{"embeddable":true,"href":"https:\/\/nevagamepress.com\/es\/wp-json\/wp\/v2\/comments?post=526"}],"wp:featuredmedia":[{"embeddable":true,"href":"https:\/\/nevagamepress.com\/es\/wp-json\/wp\/v2\/media\/5820"}],"wp:attachment":[{"href":"https:\/\/nevagamepress.com\/es\/wp-json\/wp\/v2\/media?parent=526"}],"wp:term":[{"taxonomy":"product_brand","embeddable":true,"href":"https:\/\/nevagamepress.com\/es\/wp-json\/wp\/v2\/product_brand?post=526"},{"taxonomy":"product_cat","embeddable":true,"href":"https:\/\/nevagamepress.com\/es\/wp-json\/wp\/v2\/product_cat?post=526"},{"taxonomy":"product_tag","embeddable":true,"href":"https:\/\/nevagamepress.com\/es\/wp-json\/wp\/v2\/product_tag?post=526"}],"curies":[{"name":"wp","href":"https:\/\/api.w.org\/{rel}","templated":true}]}}