{"id":6052,"date":"2025-10-14T12:18:37","date_gmt":"2025-10-14T10:18:37","guid":{"rendered":"https:\/\/nevagamepress.com\/?post_type=product&#038;p=6052"},"modified":"2026-03-12T15:11:09","modified_gmt":"2026-03-12T14:11:09","slug":"reformation-fire-and-faith","status":"publish","type":"product","link":"https:\/\/nevagamepress.com\/es\/product\/reformation-fire-and-faith\/","title":{"rendered":"Reforma: Fuego y fe"},"content":{"rendered":"<p><strong><em>Las im\u00e1genes que ves de este juego, incluyendo la portada de la caja, las fichas y el mapa, est\u00e1n todav\u00eda en desarrollo. Son marcadores de posici\u00f3n de nuestra fase de pruebas.\u00a0<\/em><\/strong> \u00a0<br \/><br \/><a href=\"https:\/\/nevagamepress.com\/wp-content\/uploads\/2025\/10\/MAP-VARIANT-3.jpg\"><img fetchpriority=\"high\" decoding=\"async\" data-attachment-id=\"6268\" data-permalink=\"https:\/\/nevagamepress.com\/es\/?attachment_id=6268\" data-orig-file=\"https:\/\/nevagamepress.com\/wp-content\/uploads\/2025\/10\/MAP-VARIANT-3.jpg\" data-orig-size=\"3543,2598\" data-comments-opened=\"1\" data-image-meta=\"{&quot;aperture&quot;:&quot;0&quot;,&quot;credit&quot;:&quot;&quot;,&quot;camera&quot;:&quot;&quot;,&quot;caption&quot;:&quot;&quot;,&quot;created_timestamp&quot;:&quot;1762257156&quot;,&quot;copyright&quot;:&quot;&quot;,&quot;focal_length&quot;:&quot;0&quot;,&quot;iso&quot;:&quot;0&quot;,&quot;shutter_speed&quot;:&quot;0&quot;,&quot;title&quot;:&quot;MAP&quot;,&quot;orientation&quot;:&quot;0&quot;}\" data-image-title=\"MAP\" data-image-description=\"\" data-image-caption=\"\" data-large-file=\"https:\/\/nevagamepress.com\/wp-content\/uploads\/2025\/10\/MAP-VARIANT-3.jpg\" class=\"alignnone  wp-image-6268\" src=\"https:\/\/nevagamepress.com\/wp-content\/uploads\/2025\/10\/MAP-VARIANT-3.jpg\" alt=\"\" width=\"1130\" height=\"829\" \/><\/a><br \/><br \/><em>MODERN | STRATEGIC | 1-6 PLAYERS\u00a0 | DURATION 60-90\u2032<br \/><\/em>DISE\u00d1O: CLINT WARREN-DAVEY<br \/><br \/><\/p>\r\n<p><strong>Reforma: Fuego y fe <\/strong>is a game about the wars and religious struggles that raged in Europe from 1517 to 1555. This time saw the Protestant Reformation sparked by the renegade monk Martin Luther and the subsequent wars of religion in Germany and elsewhere, as Christianity was shaken to its core on. It saw numerous wars between the great powers of Europe regardless of religious affiliation. The Ottoman Empire was at its height and threatened the Christian world from the south-east, while at the same time new lands were discovered in the Americas that started a race for colonial expansion. In this game, 1 to 6 players will use their Armies, Fleets, Followers and Churches in an attempt to achieve their victory conditions and attain the most Victory Points (VP). It plays in about 60-90 minutes. The rules are very simple and easy to teach as the game was originally designed for use in a high school setting by the highly experienced game designer and teacher, Clint Warren-Davey. The game includes 6 unique Factions that are all competing for dominance in their own way:<\/p>\r\n<table>\r\n<tbody>\r\n<tr>\r\n<td width=\"85\"><a href=\"https:\/\/nevagamepress.com\/wp-content\/uploads\/2025\/10\/Captura-de-pantalla-2025-10-14-122948.png\"><img decoding=\"async\" data-attachment-id=\"6059\" data-permalink=\"https:\/\/nevagamepress.com\/es\/?attachment_id=6059\" data-orig-file=\"https:\/\/nevagamepress.com\/wp-content\/uploads\/2025\/10\/Captura-de-pantalla-2025-10-14-122948.png\" data-orig-size=\"161,160\" data-comments-opened=\"1\" data-image-meta=\"{&quot;aperture&quot;:&quot;0&quot;,&quot;credit&quot;:&quot;&quot;,&quot;camera&quot;:&quot;&quot;,&quot;caption&quot;:&quot;&quot;,&quot;created_timestamp&quot;:&quot;0&quot;,&quot;copyright&quot;:&quot;&quot;,&quot;focal_length&quot;:&quot;0&quot;,&quot;iso&quot;:&quot;0&quot;,&quot;shutter_speed&quot;:&quot;0&quot;,&quot;title&quot;:&quot;&quot;,&quot;orientation&quot;:&quot;0&quot;}\" data-image-title=\"Captura de pantalla 2025-10-14 122948\" data-image-description=\"\" data-image-caption=\"\" data-large-file=\"https:\/\/nevagamepress.com\/wp-content\/uploads\/2025\/10\/Captura-de-pantalla-2025-10-14-122948.png\" class=\"alignnone size-full wp-image-6059 lazyload\" data-src=\"https:\/\/nevagamepress.com\/wp-content\/uploads\/2025\/10\/Captura-de-pantalla-2025-10-14-122948.png\" alt=\"\" width=\"161\" height=\"160\" src=\"data:image\/svg+xml;base64,PHN2ZyB3aWR0aD0iMSIgaGVpZ2h0PSIxIiB4bWxucz0iaHR0cDovL3d3dy53My5vcmcvMjAwMC9zdmciPjwvc3ZnPg==\" style=\"--smush-placeholder-width: 161px; --smush-placeholder-aspect-ratio: 161\/160;\" \/><\/a><\/td>\r\n<td width=\"612\">\r\n<p><strong>Protenstantes <\/strong>Son una facci\u00f3n religiosa que se extender\u00e1 r\u00e1pidamente por Alemania, Francia e Inglaterra. Su poder no reside en la riqueza o los ej\u00e9rcitos, sino en el creciente n\u00famero de seguidores, inspirados por las Biblias traducidas y la predicaci\u00f3n apasionada. Desaf\u00edan al Papado en debate, re\u00fanen creyentes en ciudades y pueblos, y utilizan el conocimiento para generar impulso, esforz\u00e1ndose por reformar la Cristiandad desde dentro.<\/p>\r\n<\/td>\r\n<\/tr>\r\n<tr>\r\n<td width=\"85\"><a href=\"https:\/\/nevagamepress.com\/wp-content\/uploads\/2025\/10\/Captura-de-pantalla-2025-10-14-123244.png\"><img decoding=\"async\" data-attachment-id=\"6063\" data-permalink=\"https:\/\/nevagamepress.com\/es\/?attachment_id=6063\" data-orig-file=\"https:\/\/nevagamepress.com\/wp-content\/uploads\/2025\/10\/Captura-de-pantalla-2025-10-14-123244.png\" data-orig-size=\"108,118\" data-comments-opened=\"1\" data-image-meta=\"{&quot;aperture&quot;:&quot;0&quot;,&quot;credit&quot;:&quot;&quot;,&quot;camera&quot;:&quot;&quot;,&quot;caption&quot;:&quot;&quot;,&quot;created_timestamp&quot;:&quot;0&quot;,&quot;copyright&quot;:&quot;&quot;,&quot;focal_length&quot;:&quot;0&quot;,&quot;iso&quot;:&quot;0&quot;,&quot;shutter_speed&quot;:&quot;0&quot;,&quot;title&quot;:&quot;&quot;,&quot;orientation&quot;:&quot;0&quot;}\" data-image-title=\"Captura de pantalla 2025-10-14 123244\" data-image-description=\"\" data-image-caption=\"\" data-large-file=\"https:\/\/nevagamepress.com\/wp-content\/uploads\/2025\/10\/Captura-de-pantalla-2025-10-14-123244.png\" class=\"alignnone size-full wp-image-6063 lazyload\" data-src=\"https:\/\/nevagamepress.com\/wp-content\/uploads\/2025\/10\/Captura-de-pantalla-2025-10-14-123244.png\" alt=\"\" width=\"108\" height=\"118\" src=\"data:image\/svg+xml;base64,PHN2ZyB3aWR0aD0iMSIgaGVpZ2h0PSIxIiB4bWxucz0iaHR0cDovL3d3dy53My5vcmcvMjAwMC9zdmciPjwvc3ZnPg==\" style=\"--smush-placeholder-width: 108px; --smush-placeholder-aspect-ratio: 108\/118;\" \/><\/a><\/td>\r\n<td width=\"612\">\r\n<p><strong>Papado<\/strong> Es el coraz\u00f3n espiritual del Catolicismo, y su misi\u00f3n es defender la antigua fe y contrarrestar la marea protestante. Construyendo iglesias y liderando debates teol\u00f3gicos, utiliza tanto la persuasi\u00f3n como la autoridad para fortalecer el Catolicismo. El Papado puede reclutar ej\u00e9rcitos o flotas cuando sea necesario, pero su mayor poder reside en guiar a los fieles, erradicar la herej\u00eda y asegurar que la Iglesia mantenga su supremac\u00eda en toda Europa.<\/p>\r\n<\/td>\r\n<\/tr>\r\n<tr>\r\n<td width=\"85\"><a href=\"https:\/\/nevagamepress.com\/wp-content\/uploads\/2025\/10\/Captura-de-pantalla-2025-10-14-122855.png\"><img decoding=\"async\" data-attachment-id=\"6057\" data-permalink=\"https:\/\/nevagamepress.com\/es\/?attachment_id=6057\" data-orig-file=\"https:\/\/nevagamepress.com\/wp-content\/uploads\/2025\/10\/Captura-de-pantalla-2025-10-14-122855.png\" data-orig-size=\"155,160\" data-comments-opened=\"1\" data-image-meta=\"{&quot;aperture&quot;:&quot;0&quot;,&quot;credit&quot;:&quot;&quot;,&quot;camera&quot;:&quot;&quot;,&quot;caption&quot;:&quot;&quot;,&quot;created_timestamp&quot;:&quot;0&quot;,&quot;copyright&quot;:&quot;&quot;,&quot;focal_length&quot;:&quot;0&quot;,&quot;iso&quot;:&quot;0&quot;,&quot;shutter_speed&quot;:&quot;0&quot;,&quot;title&quot;:&quot;&quot;,&quot;orientation&quot;:&quot;0&quot;}\" data-image-title=\"Captura de pantalla 2025-10-14 122855\" data-image-description=\"\" data-image-caption=\"\" data-large-file=\"https:\/\/nevagamepress.com\/wp-content\/uploads\/2025\/10\/Captura-de-pantalla-2025-10-14-122855.png\" class=\"alignnone size-full wp-image-6057 lazyload\" data-src=\"https:\/\/nevagamepress.com\/wp-content\/uploads\/2025\/10\/Captura-de-pantalla-2025-10-14-122855.png\" alt=\"\" width=\"155\" height=\"160\" src=\"data:image\/svg+xml;base64,PHN2ZyB3aWR0aD0iMSIgaGVpZ2h0PSIxIiB4bWxucz0iaHR0cDovL3d3dy53My5vcmcvMjAwMC9zdmciPjwvc3ZnPg==\" style=\"--smush-placeholder-width: 155px; --smush-placeholder-aspect-ratio: 155\/160;\" \/><\/a><\/td>\r\n<td width=\"612\">\r\n<p><strong>Hasburgo <\/strong>son la dinast\u00eda m\u00e1s poderosa de la Europa del siglo XVI, con un control total sobre ej\u00e9rcitos masivos y ricas flotas. Su imperio se extiende por todo el continente y m\u00e1s all\u00e1 de los mares, d\u00e1ndoles oportunidades inigualables de comercio y exploraci\u00f3n. Son firmes defensores del Catolicismo, persiguiendo la disidencia protestante dondequiera que sus soldados marchen, mientras buscan gloria y riqueza a trav\u00e9s de la conquista y el descubrimiento.<\/p>\r\n<\/td>\r\n<\/tr>\r\n<tr>\r\n<td width=\"85\"><a href=\"https:\/\/nevagamepress.com\/wp-content\/uploads\/2025\/10\/Captura-de-pantalla-2025-10-14-123323.png\"><img decoding=\"async\" data-attachment-id=\"6064\" data-permalink=\"https:\/\/nevagamepress.com\/es\/?attachment_id=6064\" data-orig-file=\"https:\/\/nevagamepress.com\/wp-content\/uploads\/2025\/10\/Captura-de-pantalla-2025-10-14-123323.png\" data-orig-size=\"166,171\" data-comments-opened=\"1\" data-image-meta=\"{&quot;aperture&quot;:&quot;0&quot;,&quot;credit&quot;:&quot;&quot;,&quot;camera&quot;:&quot;&quot;,&quot;caption&quot;:&quot;&quot;,&quot;created_timestamp&quot;:&quot;0&quot;,&quot;copyright&quot;:&quot;&quot;,&quot;focal_length&quot;:&quot;0&quot;,&quot;iso&quot;:&quot;0&quot;,&quot;shutter_speed&quot;:&quot;0&quot;,&quot;title&quot;:&quot;&quot;,&quot;orientation&quot;:&quot;0&quot;}\" data-image-title=\"Captura de pantalla 2025-10-14 123323\" data-image-description=\"\" data-image-caption=\"\" data-large-file=\"https:\/\/nevagamepress.com\/wp-content\/uploads\/2025\/10\/Captura-de-pantalla-2025-10-14-123323.png\" class=\"alignnone size-full wp-image-6064 lazyload\" data-src=\"https:\/\/nevagamepress.com\/wp-content\/uploads\/2025\/10\/Captura-de-pantalla-2025-10-14-123323.png\" alt=\"\" width=\"166\" height=\"171\" src=\"data:image\/svg+xml;base64,PHN2ZyB3aWR0aD0iMSIgaGVpZ2h0PSIxIiB4bWxucz0iaHR0cDovL3d3dy53My5vcmcvMjAwMC9zdmciPjwvc3ZnPg==\" style=\"--smush-placeholder-width: 166px; --smush-placeholder-aspect-ratio: 166\/171;\" \/><\/a><\/td>\r\n<td width=\"612\">\r\n<p><strong>Inglaterra<\/strong> es un reino en pleno ascenso, que busca expandir su influencia tanto en casa como en el extranjero. Con flotas que exploran oc\u00e9anos distantes, puede obtener riqueza mediante el descubrimiento y la pirater\u00eda, especialmente contra rivales como la Espa\u00f1a de los Habsburgo. Inglaterra equilibra las tradiciones Cat\u00f3licas con los crecientes movimientos Protestantes, utilizando tanto la persecuci\u00f3n como la reforma como herramientas de Estado. Sus ej\u00e9rcitos, flotas y riqueza apuntan a asegurar el dominio en Europa y a trav\u00e9s de los mares.<\/p>\r\n<\/td>\r\n<\/tr>\r\n<tr>\r\n<td width=\"85\"><a href=\"https:\/\/nevagamepress.com\/wp-content\/uploads\/2025\/10\/Captura-de-pantalla-2025-10-14-123141.png\"><img decoding=\"async\" data-attachment-id=\"6061\" data-permalink=\"https:\/\/nevagamepress.com\/es\/?attachment_id=6061\" data-orig-file=\"https:\/\/nevagamepress.com\/wp-content\/uploads\/2025\/10\/Captura-de-pantalla-2025-10-14-123141.png\" data-orig-size=\"144,147\" data-comments-opened=\"1\" data-image-meta=\"{&quot;aperture&quot;:&quot;0&quot;,&quot;credit&quot;:&quot;&quot;,&quot;camera&quot;:&quot;&quot;,&quot;caption&quot;:&quot;&quot;,&quot;created_timestamp&quot;:&quot;0&quot;,&quot;copyright&quot;:&quot;&quot;,&quot;focal_length&quot;:&quot;0&quot;,&quot;iso&quot;:&quot;0&quot;,&quot;shutter_speed&quot;:&quot;0&quot;,&quot;title&quot;:&quot;&quot;,&quot;orientation&quot;:&quot;0&quot;}\" data-image-title=\"Captura de pantalla 2025-10-14 123141\" data-image-description=\"\" data-image-caption=\"\" data-large-file=\"https:\/\/nevagamepress.com\/wp-content\/uploads\/2025\/10\/Captura-de-pantalla-2025-10-14-123141.png\" class=\"alignnone size-full wp-image-6061 lazyload\" data-src=\"https:\/\/nevagamepress.com\/wp-content\/uploads\/2025\/10\/Captura-de-pantalla-2025-10-14-123141.png\" alt=\"\" width=\"144\" height=\"147\" src=\"data:image\/svg+xml;base64,PHN2ZyB3aWR0aD0iMSIgaGVpZ2h0PSIxIiB4bWxucz0iaHR0cDovL3d3dy53My5vcmcvMjAwMC9zdmciPjwvc3ZnPg==\" style=\"--smush-placeholder-width: 144px; --smush-placeholder-aspect-ratio: 144\/147;\" \/><\/a><\/td>\r\n<td width=\"612\">\r\n<p><strong>Francia <\/strong>es un poderoso reino Cat\u00f3lico que equilibra su feroz rivalidad con los Habsburgo y su papel como defensor de la fe. Sus flotas navegan en busca de riqueza y gloria, mientras sus ej\u00e9rcitos reprimen la disidencia Protestante en casa. Francia puede llevar a cabo incursiones y actos de pirater\u00eda contra las flotas de los Habsburgo, socavando su fuerza en el Atl\u00e1ntico. Con intereses tanto pol\u00edticos como religiosos en juego, Francia est\u00e1 dividida entre la tradici\u00f3n y los vientos de cambio.<\/p>\r\n<\/td>\r\n<\/tr>\r\n<tr>\r\n<td width=\"85\"><a href=\"https:\/\/nevagamepress.com\/wp-content\/uploads\/2025\/10\/Captura-de-pantalla-2025-10-14-123404.png\"><img decoding=\"async\" data-attachment-id=\"6066\" data-permalink=\"https:\/\/nevagamepress.com\/es\/?attachment_id=6066\" data-orig-file=\"https:\/\/nevagamepress.com\/wp-content\/uploads\/2025\/10\/Captura-de-pantalla-2025-10-14-123404.png\" data-orig-size=\"165,173\" data-comments-opened=\"1\" data-image-meta=\"{&quot;aperture&quot;:&quot;0&quot;,&quot;credit&quot;:&quot;&quot;,&quot;camera&quot;:&quot;&quot;,&quot;caption&quot;:&quot;&quot;,&quot;created_timestamp&quot;:&quot;0&quot;,&quot;copyright&quot;:&quot;&quot;,&quot;focal_length&quot;:&quot;0&quot;,&quot;iso&quot;:&quot;0&quot;,&quot;shutter_speed&quot;:&quot;0&quot;,&quot;title&quot;:&quot;&quot;,&quot;orientation&quot;:&quot;0&quot;}\" data-image-title=\"Captura de pantalla 2025-10-14 123404\" data-image-description=\"\" data-image-caption=\"\" data-large-file=\"https:\/\/nevagamepress.com\/wp-content\/uploads\/2025\/10\/Captura-de-pantalla-2025-10-14-123404.png\" class=\"alignnone size-full wp-image-6066 lazyload\" data-src=\"https:\/\/nevagamepress.com\/wp-content\/uploads\/2025\/10\/Captura-de-pantalla-2025-10-14-123404.png\" alt=\"\" width=\"165\" height=\"173\" src=\"data:image\/svg+xml;base64,PHN2ZyB3aWR0aD0iMSIgaGVpZ2h0PSIxIiB4bWxucz0iaHR0cDovL3d3dy53My5vcmcvMjAwMC9zdmciPjwvc3ZnPg==\" style=\"--smush-placeholder-width: 165px; --smush-placeholder-aspect-ratio: 165\/173;\" \/><\/a><\/td>\r\n<td width=\"612\">\r\n<p><strong>Imperio Otomano<\/strong> is a formidable Muslim power on Europe\u2019s eastern flank, threatening Christendom with vast armies and mighty fleets. Its naval strength dominates the Mediterranean, allowing it to raid Catholic shipping and undermine the Habsburgs at sea. The Ottomans care little for Europe\u2019s religious squabbles, focusing instead on conquest, power, and wealth to expand their empire into both Europe and beyond.<\/p>\r\n<\/td>\r\n<\/tr>\r\n<\/tbody>\r\n<\/table>\r\n<p>&nbsp;<\/p>\r\n<!-- \/wp:post-content -->\r\n\r\n<!-- wp:paragraph {\"align\":\"center\"} -->\r\n<p class=\"has-text-align-center\" style=\"text-align: left;\"><strong><a href=\"https:\/\/boardgamegeek.com\/boardgame\/456280\/reformation-fire-and-faith\" target=\"_blank\" rel=\"noopener\">Entrada de juegos en BGG<\/a>\u00a0<\/strong><\/p>","protected":false},"excerpt":{"rendered":"<p>Ej\u00e9rcitos, Fe, Imperios. La Reforma 1517-1555. Consigue Tu Victoria.<\/p>\n<p><em>IVA incluido (si procede). Los gastos de env\u00edo se calcular\u00e1n y mostrar\u00e1n en el momento de pagar.<\/em><\/p>","protected":false},"featured_media":6968,"comment_status":"open","ping_status":"closed","template":"","meta":{"_crdt_document":""},"product_brand":[],"product_cat":[771613431,771613396,771613554],"product_tag":[771613570,771613395,771613568,771613415,771613404,771613526,771613405],"class_list":{"0":"post-6052","1":"product","2":"type-product","3":"status-publish","4":"has-post-thumbnail","6":"product_cat-frontline","7":"product_cat-projects","8":"product_cat-wargames","9":"product_tag-1-6-players","10":"product_tag-60-90-minutes","11":"product_tag-clint-warren-davey","12":"product_tag-intermediate","13":"product_tag-modern","14":"product_tag-solitaire-low","15":"product_tag-strategic","16":"product_shipping_class-frontline","17":"entry","19":"first","20":"outofstock","21":"sale","22":"taxable","23":"shipping-taxable","24":"purchasable","25":"product-type-variable","26":"has-default-attributes"},"supplier_id":null,"supplier_sku":"","barcode":null,"atum_controlled":true,"out_stock_date":null,"out_stock_threshold":null,"inheritable":true,"inbound_stock":0,"stock_on_hold":0,"sold_today":0,"sales_last_days":0,"reserved_stock":0,"customer_returns":0,"warehouse_damage":0,"lost_in_post":0,"other_logs":0,"out_stock_days":0,"lost_sales":0,"has_location":false,"update_date":"2026-04-23T00:09:42","atum_locations":[],"atum_stock_status":"outofstock","restock_status":false,"low_stock_amount":"","sales_update_date":"2026-04-23T00:09:42","calc_backorders":null,"mi_inventories":[],"multi_inventory":"no","inventory_sorting_mode":"global","inventory_iteration":"global","expirable_inventories":"global","price_per_inventory":"global","show_write_off_inventories":"global","selectable_inventories":"global","selectable_inventories_mode":"global","aioseo_notices":[],"jetpack_sharing_enabled":true,"_links":{"self":[{"href":"https:\/\/nevagamepress.com\/es\/wp-json\/wp\/v2\/product\/6052","targetHints":{"allow":["GET"]}}],"collection":[{"href":"https:\/\/nevagamepress.com\/es\/wp-json\/wp\/v2\/product"}],"about":[{"href":"https:\/\/nevagamepress.com\/es\/wp-json\/wp\/v2\/types\/product"}],"replies":[{"embeddable":true,"href":"https:\/\/nevagamepress.com\/es\/wp-json\/wp\/v2\/comments?post=6052"}],"wp:featuredmedia":[{"embeddable":true,"href":"https:\/\/nevagamepress.com\/es\/wp-json\/wp\/v2\/media\/6968"}],"wp:attachment":[{"href":"https:\/\/nevagamepress.com\/es\/wp-json\/wp\/v2\/media?parent=6052"}],"wp:term":[{"taxonomy":"product_brand","embeddable":true,"href":"https:\/\/nevagamepress.com\/es\/wp-json\/wp\/v2\/product_brand?post=6052"},{"taxonomy":"product_cat","embeddable":true,"href":"https:\/\/nevagamepress.com\/es\/wp-json\/wp\/v2\/product_cat?post=6052"},{"taxonomy":"product_tag","embeddable":true,"href":"https:\/\/nevagamepress.com\/es\/wp-json\/wp\/v2\/product_tag?post=6052"}],"curies":[{"name":"wp","href":"https:\/\/api.w.org\/{rel}","templated":true}]}}